{"id":2809,"date":"2023-03-17T13:26:58","date_gmt":"2023-03-17T12:26:58","guid":{"rendered":"https:\/\/reciproc-it.com\/?page_id=2809"},"modified":"2023-03-17T13:27:11","modified_gmt":"2023-03-17T12:27:11","slug":"abonnement-a-notre-newsletter","status":"publish","type":"page","link":"https:\/\/reciproc-it.com\/en\/abonnement-a-notre-newsletter\/","title":{"rendered":"Newsletter subscription"},"content":{"rendered":"<div data-elementor-type=\"wp-page\" data-elementor-id=\"2809\" class=\"elementor elementor-2809\">\n\t\t\t\t\t\t\t\t\t<section class=\"elementor-section elementor-top-section elementor-element elementor-element-c7974eb elementor-section-boxed elementor-section-height-default elementor-section-height-default\" data-id=\"c7974eb\" data-element_type=\"section\">\n\t\t\t\t\t\t<div class=\"elementor-container elementor-column-gap-default\">\n\t\t\t\t\t<div class=\"elementor-column elementor-col-50 elementor-top-column elementor-element elementor-element-6729fa6\" data-id=\"6729fa6\" data-element_type=\"column\">\n\t\t\t<div class=\"elementor-widget-wrap elementor-element-populated\">\n\t\t\t\t\t\t\t\t<div class=\"elementor-element elementor-element-5bc2efe elementor-widget elementor-widget-image\" data-id=\"5bc2efe\" data-element_type=\"widget\" data-widget_type=\"image.default\">\n\t\t\t\t<div class=\"elementor-widget-container\">\n\t\t\t\t\t\t\t\t\t\t\t\t\t\t\t<img decoding=\"async\" src=\"https:\/\/reciproc-it.com\/wp-content\/uploads\/elementor\/thumbs\/NL-logo-q3nbny5sde242owpotgve5ndl0yge1e2g4k0q0qtt4.png\" title=\"NL logo\" alt=\"Inscrivez-vous \u00e0 notre newsletter afin de recevoir toutes les actualit\u00e9s de notre produit Oligo Risk Manager et les derni\u00e8res nouvelles sur la cybers\u00e9curit\u00e9.\" loading=\"lazy\" \/>\t\t\t\t\t\t\t\t\t\t\t\t\t\t\t<\/div>\n\t\t\t\t<\/div>\n\t\t\t\t\t<\/div>\n\t\t<\/div>\n\t\t\t\t<div class=\"elementor-column elementor-col-50 elementor-top-column elementor-element elementor-element-aab4686\" data-id=\"aab4686\" data-element_type=\"column\">\n\t\t\t<div class=\"elementor-widget-wrap elementor-element-populated\">\n\t\t\t\t\t\t\t\t<div class=\"elementor-element elementor-element-d75a597 elementor-widget elementor-widget-wpforms\" data-id=\"d75a597\" data-element_type=\"widget\" data-widget_type=\"wpforms.default\">\n\t\t\t\t<div class=\"elementor-widget-container\">\n\t\t\t<div class=\"wpforms-container wpforms-container-full\" id=\"wpforms-2511\"><form id=\"wpforms-form-2511\" class=\"wpforms-validate wpforms-form wpforms-ajax-form\" data-formid=\"2511\" method=\"post\" enctype=\"multipart\/form-data\" action=\"\/en\/wp-json\/wp\/v2\/pages\/2809\" data-token=\"445d545480fdb1ac2f609459dfc80f2c\" data-trp-original-action=\"\/en\/wp-json\/wp\/v2\/pages\/2809\"><div class=\"wpforms-head-container\"><div class=\"wpforms-description\">Sign up now for our monthly newsletter to make sure you don't miss out on any of the latest news from our company and keep up to date with the latest developments in cybersecurity.\r\n\r\n\r\n\r\n<\/div><\/div><noscript class=\"wpforms-error-noscript\">Please enable JavaScript in your browser to complete this form.<\/noscript><div class=\"wpforms-field-container\"><div id=\"wpforms-2511-field_1-container\" class=\"wpforms-field wpforms-field-name\" data-field-id=\"1\"><label class=\"wpforms-field-label\" for=\"wpforms-2511-field_1\">Who are you ? <span class=\"wpforms-required-label\">*<\/span><\/label><div class=\"wpforms-field-row wpforms-field-medium\"><div class=\"wpforms-field-row-block wpforms-first wpforms-one-half\"><input type=\"text\" id=\"wpforms-2511-field_1\" class=\"wpforms-field-name-first wpforms-field-required\" name=\"wpforms[fields][1][first]\" placeholder=\"Name\" required><label for=\"wpforms-2511-field_1\" class=\"wpforms-field-sublabel after wpforms-sublabel-hide\">First<\/label><\/div><div class=\"wpforms-field-row-block wpforms-one-half\"><input type=\"text\" id=\"wpforms-2511-field_1-last\" class=\"wpforms-field-name-last wpforms-field-required\" name=\"wpforms[fields][1][last]\" placeholder=\"Last Name\" required><label for=\"wpforms-2511-field_1-last\" class=\"wpforms-field-sublabel after wpforms-sublabel-hide\">Last<\/label><\/div><\/div><\/div><div id=\"wpforms-2511-field_2-container\" class=\"wpforms-field wpforms-field-email\" data-field-id=\"2\"><label class=\"wpforms-field-label\" for=\"wpforms-2511-field_2\">E-mail <span class=\"wpforms-required-label\">*<\/span><\/label><input type=\"email\" id=\"wpforms-2511-field_2\" class=\"wpforms-field-medium wpforms-field-required\" name=\"wpforms[fields][2]\" spellcheck=\"false\" required><\/div><div id=\"wpforms-2511-field_6-container\" class=\"wpforms-field wpforms-field-text\" data-field-id=\"6\"><label class=\"wpforms-field-label\" for=\"wpforms-2511-field_6\">Company <span class=\"wpforms-required-label\">*<\/span><\/label><input type=\"text\" id=\"wpforms-2511-field_6\" class=\"wpforms-field-medium wpforms-field-required\" name=\"wpforms[fields][6]\" required><\/div><\/div><!-- .wpforms-field-container --><div class=\"wpforms-submit-container\" ><input type=\"hidden\" name=\"wpforms[id]\" value=\"2511\"><input type=\"hidden\" name=\"wpforms[author]\" value=\"3\"><button type=\"submit\" name=\"wpforms[submit]\" id=\"wpforms-submit-2511\" class=\"wpforms-submit\" data-alt-text=\"Inscription en cours ...\" data-submit-text=\"Je m&#039;inscris!\" aria-live=\"assertive\" value=\"wpforms-submit\">Sign up now<\/button><img loading=\"lazy\" decoding=\"async\" src=\"https:\/\/reciproc-it.com\/wp-content\/plugins\/wpforms-lite\/assets\/images\/submit-spin.svg\" class=\"wpforms-submit-spinner\" style=\"display: none;\" width=\"26\" height=\"26\" alt=\"Loading\"><\/div><input type=\"hidden\" id=\"ct_checkjs_wpforms_69adc1e107f7f7d035d7baf04342e1ca\" name=\"ct_checkjs_wpforms\" value=\"0\" \/><script>setTimeout(function(){var ct_input_name = \"ct_checkjs_wpforms_69adc1e107f7f7d035d7baf04342e1ca\";if (document.getElementById(ct_input_name) !== null) {var ct_input_value = document.getElementById(ct_input_name).value;document.getElementById(ct_input_name).value = document.getElementById(ct_input_name).value.replace(ct_input_value, '1752106442');}}, 1000);<\/script><label class=\"apbct_special_field\" id=\"apbct_label_id48854\" for=\"apbct__email_id__wp_wpforms_48854\">48854<\/label><input\n            id=\"apbct__email_id__wp_wpforms_48854\"\n            class=\"apbct_special_field apbct__email_id__wp_wpforms\"\n            name=\"apbct__email_id__wp_wpforms_48854\"\n            type=\"text\" size=\"30\" maxlength=\"200\" autocomplete=\"off\"\n            value=\"48854\" apbct_event_id=\"48854\"\n            \/><input id=\"apbct_event_id_wp_wpforms_48854\"\n                class=\"apbct_special_field\" name=\"apbct_event_id\" type=\"hidden\" value=\"48854\" \/><label class=\"apbct_special_field\" id=\"apbct_label_id90141\" for=\"apbct__email_id__elementor_form_90141\">90141<\/label><input\n            id=\"apbct__email_id__elementor_form_90141\"\n            class=\"apbct_special_field apbct__email_id__elementor_form\"\n            name=\"apbct__email_id__elementor_form_90141\"\n            type=\"text\" size=\"30\" maxlength=\"200\" autocomplete=\"off\"\n            value=\"90141\" apbct_event_id=\"90141\"\n            \/><input id=\"apbct_event_id_elementor_form_90141\"\n                class=\"apbct_special_field\" name=\"apbct_event_id\" type=\"hidden\" value=\"90141\" \/><input type=\"hidden\" name=\"trp-form-language\" value=\"en\"\/><\/form><\/div>  <!-- .wpforms-container -->\t\t<\/div>\n\t\t\t\t<\/div>\n\t\t\t\t\t<\/div>\n\t\t<\/div>\n\t\t\t\t\t\t\t<\/div>\n\t\t<\/section>\n\t\t\t\t\t\t\t<\/div>","protected":false},"excerpt":{"rendered":"","protected":false},"author":3,"featured_media":0,"parent":0,"menu_order":0,"comment_status":"closed","ping_status":"closed","template":"","meta":{"content-type":"","om_disable_all_campaigns":false,"_monsterinsights_skip_tracking":false,"_monsterinsights_sitenote_active":false,"_monsterinsights_sitenote_note":"","_monsterinsights_sitenote_category":0,"footnotes":""},"class_list":["post-2809","page","type-page","status-publish","hentry"],"blocksy_meta":{"styles_descriptor":{"styles":{"desktop":"","tablet":"","mobile":""},"google_fonts":[]}},"yoast_head":"<!-- This site is optimized with the Yoast SEO plugin v24.0 - https:\/\/yoast.com\/wordpress\/plugins\/seo\/ -->\n<title>Abonnement \u00e0 notre newsletter - RECIPROC-IT<\/title>\n<meta name=\"robots\" content=\"index, follow, max-snippet:-1, max-image-preview:large, max-video-preview:-1\" \/>\n<link rel=\"canonical\" href=\"https:\/\/reciproc-it.com\/en\/abonnement-a-notre-newsletter\/\" \/>\n<meta property=\"og:locale\" content=\"en_GB\" \/>\n<meta property=\"og:type\" content=\"article\" \/>\n<meta property=\"og:title\" content=\"Abonnement \u00e0 notre newsletter - RECIPROC-IT\" \/>\n<meta property=\"og:url\" content=\"https:\/\/reciproc-it.com\/en\/abonnement-a-notre-newsletter\/\" \/>\n<meta property=\"og:site_name\" content=\"RECIPROC-IT\" \/>\n<meta property=\"article:modified_time\" content=\"2023-03-17T12:27:11+00:00\" \/>\n<meta property=\"og:image\" content=\"https:\/\/reciproc-it.com\/wp-content\/uploads\/elementor\/thumbs\/NL-logo-q3nbny5sde242owpotgve5ndl0yge1e2g4k0q0qtt4.png\" \/>\n<meta name=\"twitter:card\" content=\"summary_large_image\" \/>\n<meta name=\"twitter:label1\" content=\"Estimated reading time\" \/>\n\t<meta name=\"twitter:data1\" content=\"1 minute\" \/>\n<script type=\"application\/ld+json\" class=\"yoast-schema-graph\">{\"@context\":\"https:\/\/schema.org\",\"@graph\":[{\"@type\":\"WebPage\",\"@id\":\"https:\/\/reciproc-it.com\/abonnement-a-notre-newsletter\/\",\"url\":\"https:\/\/reciproc-it.com\/abonnement-a-notre-newsletter\/\",\"name\":\"Abonnement \u00e0 notre newsletter - RECIPROC-IT\",\"isPartOf\":{\"@id\":\"https:\/\/reciproc-it.com\/#website\"},\"primaryImageOfPage\":{\"@id\":\"https:\/\/reciproc-it.com\/abonnement-a-notre-newsletter\/#primaryimage\"},\"image\":{\"@id\":\"https:\/\/reciproc-it.com\/abonnement-a-notre-newsletter\/#primaryimage\"},\"thumbnailUrl\":\"https:\/\/reciproc-it.com\/wp-content\/uploads\/elementor\/thumbs\/NL-logo-q3nbny5sde242owpotgve5ndl0yge1e2g4k0q0qtt4.png\",\"datePublished\":\"2023-03-17T12:26:58+00:00\",\"dateModified\":\"2023-03-17T12:27:11+00:00\",\"breadcrumb\":{\"@id\":\"https:\/\/reciproc-it.com\/abonnement-a-notre-newsletter\/#breadcrumb\"},\"inLanguage\":\"en-GB\",\"potentialAction\":[{\"@type\":\"ReadAction\",\"target\":[\"https:\/\/reciproc-it.com\/abonnement-a-notre-newsletter\/\"]}]},{\"@type\":\"ImageObject\",\"inLanguage\":\"en-GB\",\"@id\":\"https:\/\/reciproc-it.com\/abonnement-a-notre-newsletter\/#primaryimage\",\"url\":\"https:\/\/reciproc-it.com\/wp-content\/uploads\/elementor\/thumbs\/NL-logo-q3nbny5sde242owpotgve5ndl0yge1e2g4k0q0qtt4.png\",\"contentUrl\":\"https:\/\/reciproc-it.com\/wp-content\/uploads\/elementor\/thumbs\/NL-logo-q3nbny5sde242owpotgve5ndl0yge1e2g4k0q0qtt4.png\"},{\"@type\":\"BreadcrumbList\",\"@id\":\"https:\/\/reciproc-it.com\/abonnement-a-notre-newsletter\/#breadcrumb\",\"itemListElement\":[{\"@type\":\"ListItem\",\"position\":1,\"name\":\"Accueil\",\"item\":\"https:\/\/reciproc-it.com\/\"},{\"@type\":\"ListItem\",\"position\":2,\"name\":\"Abonnement \u00e0 notre newsletter\"}]},{\"@type\":\"WebSite\",\"@id\":\"https:\/\/reciproc-it.com\/#website\",\"url\":\"https:\/\/reciproc-it.com\/\",\"name\":\"RECIPROC-IT\",\"description\":\"\u00c9vang\u00e9liser nos clients en les outillant\",\"publisher\":{\"@id\":\"https:\/\/reciproc-it.com\/#organization\"},\"potentialAction\":[{\"@type\":\"SearchAction\",\"target\":{\"@type\":\"EntryPoint\",\"urlTemplate\":\"https:\/\/reciproc-it.com\/?s={search_term_string}\"},\"query-input\":{\"@type\":\"PropertyValueSpecification\",\"valueRequired\":true,\"valueName\":\"search_term_string\"}}],\"inLanguage\":\"en-GB\"},{\"@type\":\"Organization\",\"@id\":\"https:\/\/reciproc-it.com\/#organization\",\"name\":\"RECIPROC-IT\",\"url\":\"https:\/\/reciproc-it.com\/\",\"logo\":{\"@type\":\"ImageObject\",\"inLanguage\":\"en-GB\",\"@id\":\"https:\/\/reciproc-it.com\/#\/schema\/logo\/image\/\",\"url\":\"https:\/\/reciproc-it.com\/wp-content\/uploads\/2021\/04\/Reciproc_it.logo-removebg-preview.png\",\"contentUrl\":\"https:\/\/reciproc-it.com\/wp-content\/uploads\/2021\/04\/Reciproc_it.logo-removebg-preview.png\",\"width\":1065,\"height\":234,\"caption\":\"RECIPROC-IT\"},\"image\":{\"@id\":\"https:\/\/reciproc-it.com\/#\/schema\/logo\/image\/\"}}]}<\/script>\n<!-- \/ Yoast SEO plugin. -->","yoast_head_json":{"title":"Abonnement \u00e0 notre newsletter - RECIPROC-IT","robots":{"index":"index","follow":"follow","max-snippet":"max-snippet:-1","max-image-preview":"max-image-preview:large","max-video-preview":"max-video-preview:-1"},"canonical":"https:\/\/reciproc-it.com\/en\/abonnement-a-notre-newsletter\/","og_locale":"en_GB","og_type":"article","og_title":"Abonnement \u00e0 notre newsletter - RECIPROC-IT","og_url":"https:\/\/reciproc-it.com\/en\/abonnement-a-notre-newsletter\/","og_site_name":"RECIPROC-IT","article_modified_time":"2023-03-17T12:27:11+00:00","og_image":[{"url":"https:\/\/reciproc-it.com\/wp-content\/uploads\/elementor\/thumbs\/NL-logo-q3nbny5sde242owpotgve5ndl0yge1e2g4k0q0qtt4.png","type":"","width":"","height":""}],"twitter_card":"summary_large_image","twitter_misc":{"Estimated reading time":"1 minute"},"schema":{"@context":"https:\/\/schema.org","@graph":[{"@type":"WebPage","@id":"https:\/\/reciproc-it.com\/abonnement-a-notre-newsletter\/","url":"https:\/\/reciproc-it.com\/abonnement-a-notre-newsletter\/","name":"Abonnement \u00e0 notre newsletter - RECIPROC-IT","isPartOf":{"@id":"https:\/\/reciproc-it.com\/#website"},"primaryImageOfPage":{"@id":"https:\/\/reciproc-it.com\/abonnement-a-notre-newsletter\/#primaryimage"},"image":{"@id":"https:\/\/reciproc-it.com\/abonnement-a-notre-newsletter\/#primaryimage"},"thumbnailUrl":"https:\/\/reciproc-it.com\/wp-content\/uploads\/elementor\/thumbs\/NL-logo-q3nbny5sde242owpotgve5ndl0yge1e2g4k0q0qtt4.png","datePublished":"2023-03-17T12:26:58+00:00","dateModified":"2023-03-17T12:27:11+00:00","breadcrumb":{"@id":"https:\/\/reciproc-it.com\/abonnement-a-notre-newsletter\/#breadcrumb"},"inLanguage":"en-GB","potentialAction":[{"@type":"ReadAction","target":["https:\/\/reciproc-it.com\/abonnement-a-notre-newsletter\/"]}]},{"@type":"ImageObject","inLanguage":"en-GB","@id":"https:\/\/reciproc-it.com\/abonnement-a-notre-newsletter\/#primaryimage","url":"https:\/\/reciproc-it.com\/wp-content\/uploads\/elementor\/thumbs\/NL-logo-q3nbny5sde242owpotgve5ndl0yge1e2g4k0q0qtt4.png","contentUrl":"https:\/\/reciproc-it.com\/wp-content\/uploads\/elementor\/thumbs\/NL-logo-q3nbny5sde242owpotgve5ndl0yge1e2g4k0q0qtt4.png"},{"@type":"BreadcrumbList","@id":"https:\/\/reciproc-it.com\/abonnement-a-notre-newsletter\/#breadcrumb","itemListElement":[{"@type":"ListItem","position":1,"name":"Accueil","item":"https:\/\/reciproc-it.com\/"},{"@type":"ListItem","position":2,"name":"Abonnement \u00e0 notre newsletter"}]},{"@type":"WebSite","@id":"https:\/\/reciproc-it.com\/#website","url":"https:\/\/reciproc-it.com\/","name":"RECIPROC-IT","description":"\u00c9vang\u00e9liser nos clients en les outillant","publisher":{"@id":"https:\/\/reciproc-it.com\/#organization"},"potentialAction":[{"@type":"SearchAction","target":{"@type":"EntryPoint","urlTemplate":"https:\/\/reciproc-it.com\/?s={search_term_string}"},"query-input":{"@type":"PropertyValueSpecification","valueRequired":true,"valueName":"search_term_string"}}],"inLanguage":"en-GB"},{"@type":"Organization","@id":"https:\/\/reciproc-it.com\/#organization","name":"RECIPROC-IT","url":"https:\/\/reciproc-it.com\/","logo":{"@type":"ImageObject","inLanguage":"en-GB","@id":"https:\/\/reciproc-it.com\/#\/schema\/logo\/image\/","url":"https:\/\/reciproc-it.com\/wp-content\/uploads\/2021\/04\/Reciproc_it.logo-removebg-preview.png","contentUrl":"https:\/\/reciproc-it.com\/wp-content\/uploads\/2021\/04\/Reciproc_it.logo-removebg-preview.png","width":1065,"height":234,"caption":"RECIPROC-IT"},"image":{"@id":"https:\/\/reciproc-it.com\/#\/schema\/logo\/image\/"}}]}},"_links":{"self":[{"href":"https:\/\/reciproc-it.com\/en\/wp-json\/wp\/v2\/pages\/2809","targetHints":{"allow":["GET"]}}],"collection":[{"href":"https:\/\/reciproc-it.com\/en\/wp-json\/wp\/v2\/pages"}],"about":[{"href":"https:\/\/reciproc-it.com\/en\/wp-json\/wp\/v2\/types\/page"}],"author":[{"embeddable":true,"href":"https:\/\/reciproc-it.com\/en\/wp-json\/wp\/v2\/users\/3"}],"replies":[{"embeddable":true,"href":"https:\/\/reciproc-it.com\/en\/wp-json\/wp\/v2\/comments?post=2809"}],"version-history":[{"count":8,"href":"https:\/\/reciproc-it.com\/en\/wp-json\/wp\/v2\/pages\/2809\/revisions"}],"predecessor-version":[{"id":2824,"href":"https:\/\/reciproc-it.com\/en\/wp-json\/wp\/v2\/pages\/2809\/revisions\/2824"}],"wp:attachment":[{"href":"https:\/\/reciproc-it.com\/en\/wp-json\/wp\/v2\/media?parent=2809"}],"curies":[{"name":"wp","href":"https:\/\/api.w.org\/{rel}","templated":true}]}}