{"id":2652,"date":"2023-03-16T18:12:16","date_gmt":"2023-03-16T17:12:16","guid":{"rendered":"https:\/\/reciproc-it.com\/?page_id=2652"},"modified":"2025-12-12T13:25:25","modified_gmt":"2025-12-12T12:25:25","slug":"decouvrez-nos-newsletters","status":"publish","type":"page","link":"https:\/\/reciproc-it.com\/en\/decouvrez-nos-newsletters\/","title":{"rendered":"Our reports"},"content":{"rendered":"<div data-elementor-type=\"wp-page\" data-elementor-id=\"2652\" class=\"elementor elementor-2652\">\n\t\t\t\t\t\t\t\t\t<section class=\"elementor-section elementor-top-section elementor-element elementor-element-d4bb6c9 elementor-section-boxed elementor-section-height-default elementor-section-height-default\" data-id=\"d4bb6c9\" data-element_type=\"section\">\n\t\t\t\t\t\t<div class=\"elementor-container elementor-column-gap-default\">\n\t\t\t\t\t<div class=\"elementor-column elementor-col-100 elementor-top-column elementor-element elementor-element-ef4f29f\" data-id=\"ef4f29f\" data-element_type=\"column\">\n\t\t\t<div class=\"elementor-widget-wrap elementor-element-populated\">\n\t\t\t\t\t\t\t\t<div class=\"elementor-element elementor-element-ded6a0c elementor-widget elementor-widget-image\" data-id=\"ded6a0c\" data-element_type=\"widget\" data-widget_type=\"image.default\">\n\t\t\t\t<div class=\"elementor-widget-container\">\n\t\t\t\t\t\t\t\t\t\t\t\t\t\t\t<img loading=\"lazy\" decoding=\"async\" width=\"232\" height=\"300\" src=\"https:\/\/reciproc-it.com\/wp-content\/uploads\/2025\/12\/Document_Rapport-sur-cyberattaques_Version-finale-wdp_Page_01-232x300.jpg\" class=\"attachment-medium size-medium wp-image-3398\" alt=\"\" srcset=\"https:\/\/reciproc-it.com\/wp-content\/uploads\/2025\/12\/Document_Rapport-sur-cyberattaques_Version-finale-wdp_Page_01-232x300.jpg 232w, https:\/\/reciproc-it.com\/wp-content\/uploads\/2025\/12\/Document_Rapport-sur-cyberattaques_Version-finale-wdp_Page_01-791x1024.jpg 791w, https:\/\/reciproc-it.com\/wp-content\/uploads\/2025\/12\/Document_Rapport-sur-cyberattaques_Version-finale-wdp_Page_01-768x994.jpg 768w, https:\/\/reciproc-it.com\/wp-content\/uploads\/2025\/12\/Document_Rapport-sur-cyberattaques_Version-finale-wdp_Page_01-1187x1536.jpg 1187w, https:\/\/reciproc-it.com\/wp-content\/uploads\/2025\/12\/Document_Rapport-sur-cyberattaques_Version-finale-wdp_Page_01-1583x2048.jpg 1583w, https:\/\/reciproc-it.com\/wp-content\/uploads\/2025\/12\/Document_Rapport-sur-cyberattaques_Version-finale-wdp_Page_01-9x12.jpg 9w, https:\/\/reciproc-it.com\/wp-content\/uploads\/2025\/12\/Document_Rapport-sur-cyberattaques_Version-finale-wdp_Page_01.jpg 1700w\" sizes=\"auto, (max-width: 232px) 100vw, 232px\" \/>\t\t\t\t\t\t\t\t\t\t\t\t\t\t\t<\/div>\n\t\t\t\t<\/div>\n\t\t\t\t<div class=\"elementor-element elementor-element-aeecee8 elementor-align-center elementor-widget elementor-widget-button\" data-id=\"aeecee8\" data-element_type=\"widget\" data-widget_type=\"button.default\">\n\t\t\t\t<div class=\"elementor-widget-container\">\n\t\t\t\t\t<div class=\"elementor-button-wrapper\">\n\t\t\t<a class=\"elementor-button elementor-button-link elementor-size-sm\" href=\"https:\/\/reciproc-it.com\/wp-content\/uploads\/2025\/12\/Document_Rapport-sur-cyberattaques_Version-finale-wdp.pdf\">\n\t\t\t\t\t\t<span class=\"elementor-button-content-wrapper\">\n\t\t\t\t\t\t<span class=\"elementor-button-icon elementor-align-icon-left\">\n\t\t\t\t<i aria-hidden=\"true\" class=\"fas fa-upload\"><\/i>\t\t\t<\/span>\n\t\t\t\t\t\t<span class=\"elementor-button-text\">T\u00e9l\u00e9charger notre rapport<\/span>\n\t\t<\/span>\n\t\t\t\t\t<\/a>\n\t\t<\/div>\n\t\t\t\t<\/div>\n\t\t\t\t<\/div>\n\t\t\t\t\t<\/div>\n\t\t<\/div>\n\t\t\t\t\t\t\t<\/div>\n\t\t<\/section>\n\t\t\t\t<section class=\"elementor-section elementor-top-section elementor-element elementor-element-e5134e5 elementor-section-boxed elementor-section-height-default elementor-section-height-default\" data-id=\"e5134e5\" data-element_type=\"section\">\n\t\t\t\t\t\t<div class=\"elementor-container elementor-column-gap-default\">\n\t\t\t\t\t<div class=\"elementor-column elementor-col-100 elementor-top-column elementor-element elementor-element-b9c0bb6\" data-id=\"b9c0bb6\" data-element_type=\"column\">\n\t\t\t<div class=\"elementor-widget-wrap elementor-element-populated\">\n\t\t\t\t\t\t\t\t<div class=\"elementor-element elementor-element-04c073e elementor-widget-divider--view-line elementor-widget elementor-widget-divider\" data-id=\"04c073e\" data-element_type=\"widget\" data-widget_type=\"divider.default\">\n\t\t\t\t<div class=\"elementor-widget-container\">\n\t\t\t\t\t<div class=\"elementor-divider\">\n\t\t\t<span class=\"elementor-divider-separator\">\n\t\t\t\t\t\t<\/span>\n\t\t<\/div>\n\t\t\t\t<\/div>\n\t\t\t\t<\/div>\n\t\t\t\t<div class=\"elementor-element elementor-element-9ae0f98 elementor-widget elementor-widget-text-editor\" data-id=\"9ae0f98\" data-element_type=\"widget\" data-widget_type=\"text-editor.default\">\n\t\t\t\t<div class=\"elementor-widget-container\">\n\t\t\t\t\t\t\t<p>Are you looking for a powerful tool to analyze your company's cyber risks ? <span style=\"background-color: var(--has-background, var(--background-color)); color: var(--heading-color, var(--heading-6-color, var(--headings-color))); font-family: var(--fontFamily); font-size: var(--fontSize); font-style: var(--fontStyle, inherit); letter-spacing: var(--letterSpacing); text-align: inherit; text-transform: var(--textTransform);\">Do you need an effective solution to ensure the security of your information systems?<\/span><\/p><p>We offer you <a href=\"https:\/\/reciproc-it.com\/en\/oligo-risk-manager\/#la_solution\">Oligo Risk Manager<\/a>, notre outil d&rsquo;analyse de risques labellis\u00e9 par l&rsquo;ANSSI. Bas\u00e9 sur une m\u00e9thodologie reconnue, cet outil vous permet de r\u00e9aliser une analyse de risques compl\u00e8te en identifiant les menaces potentielles, en \u00e9valuant leur impact sur votre activit\u00e9 et en proposant des mesures de protection adapt\u00e9es.<\/p><p>Feel free to send us a message via the contact form or book a demo.<\/p>\t\t\t\t\t\t<\/div>\n\t\t\t\t<\/div>\n\t\t\t\t\t<\/div>\n\t\t<\/div>\n\t\t\t\t\t\t\t<\/div>\n\t\t<\/section>\n\t\t\t\t<section class=\"elementor-section elementor-top-section elementor-element elementor-element-117056a elementor-section-boxed elementor-section-height-default elementor-section-height-default\" data-id=\"117056a\" data-element_type=\"section\">\n\t\t\t\t\t\t<div class=\"elementor-container elementor-column-gap-default\">\n\t\t\t\t\t<div class=\"elementor-column elementor-col-50 elementor-top-column elementor-element elementor-element-9f92c6a\" data-id=\"9f92c6a\" data-element_type=\"column\">\n\t\t\t<div class=\"elementor-widget-wrap elementor-element-populated\">\n\t\t\t\t\t\t\t\t<div class=\"elementor-element elementor-element-5e89582 elementor-align-right elementor-widget elementor-widget-button\" data-id=\"5e89582\" data-element_type=\"widget\" data-widget_type=\"button.default\">\n\t\t\t\t<div class=\"elementor-widget-container\">\n\t\t\t\t\t<div class=\"elementor-button-wrapper\">\n\t\t\t<a class=\"elementor-button elementor-button-link elementor-size-sm\" href=\"https:\/\/reciproc-it.com\/en\/contact\/\">\n\t\t\t\t\t\t<span class=\"elementor-button-content-wrapper\">\n\t\t\t\t\t\t<span class=\"elementor-button-text\">I send you a message<\/span>\n\t\t<\/span>\n\t\t\t\t\t<\/a>\n\t\t<\/div>\n\t\t\t\t<\/div>\n\t\t\t\t<\/div>\n\t\t\t\t\t<\/div>\n\t\t<\/div>\n\t\t\t\t<div class=\"elementor-column elementor-col-50 elementor-top-column elementor-element elementor-element-aa3c624\" data-id=\"aa3c624\" data-element_type=\"column\">\n\t\t\t<div class=\"elementor-widget-wrap elementor-element-populated\">\n\t\t\t\t\t\t\t\t<div class=\"elementor-element elementor-element-eeea532 elementor-align-left elementor-widget elementor-widget-button\" data-id=\"eeea532\" data-element_type=\"widget\" data-widget_type=\"button.default\">\n\t\t\t\t<div class=\"elementor-widget-container\">\n\t\t\t\t\t<div class=\"elementor-button-wrapper\">\n\t\t\t<a class=\"elementor-button elementor-button-link elementor-size-sm\" href=\"https:\/\/reciproc-it.com\/en\/oligo-risk-manager\/#demo_form\">\n\t\t\t\t\t\t<span class=\"elementor-button-content-wrapper\">\n\t\t\t\t\t\t<span class=\"elementor-button-text\">I want to book a demo<\/span>\n\t\t<\/span>\n\t\t\t\t\t<\/a>\n\t\t<\/div>\n\t\t\t\t<\/div>\n\t\t\t\t<\/div>\n\t\t\t\t\t<\/div>\n\t\t<\/div>\n\t\t\t\t\t\t\t<\/div>\n\t\t<\/section>\n\t\t\t\t\t\t\t<\/div>","protected":false},"excerpt":{"rendered":"<p>T\u00e9l\u00e9charger notre rapport Vous \u00eates \u00e0 la recherche d&rsquo;un outil performant pour analyser les risques cyber de votre entreprise ? Vous avez besoin d&rsquo;une solution efficace pour assurer la s\u00e9curit\u00e9 de vos syst\u00e8mes d&rsquo;information ? Nous vous proposons Oligo Risk Manager, notre outil d&rsquo;analyse de risques labellis\u00e9 par l&rsquo;ANSSI. Bas\u00e9 sur une m\u00e9thodologie reconnue, cet [&hellip;]<\/p>","protected":false},"author":3,"featured_media":0,"parent":0,"menu_order":0,"comment_status":"closed","ping_status":"closed","template":"","meta":{"content-type":"","om_disable_all_campaigns":false,"_monsterinsights_skip_tracking":false,"_monsterinsights_sitenote_active":false,"_monsterinsights_sitenote_note":"","_monsterinsights_sitenote_category":0,"footnotes":""},"class_list":["post-2652","page","type-page","status-publish","hentry"],"blocksy_meta":{"styles_descriptor":{"styles":{"desktop":"","tablet":"","mobile":""},"google_fonts":[]}},"yoast_head":"<!-- This site is optimized with the Yoast SEO plugin v24.0 - https:\/\/yoast.com\/wordpress\/plugins\/seo\/ -->\n<title>Nos rapports - RECIPROC-IT<\/title>\n<meta name=\"description\" content=\"Reciproc-IT envoie mensuellement des newsletters sur l&#039;actualit\u00e9 cyber et sur son outil d&#039;analyse de risques.\" \/>\n<meta name=\"robots\" content=\"index, follow, max-snippet:-1, max-image-preview:large, max-video-preview:-1\" \/>\n<link rel=\"canonical\" href=\"https:\/\/reciproc-it.com\/en\/decouvrez-nos-newsletters\/\" \/>\n<meta property=\"og:locale\" content=\"en_GB\" \/>\n<meta property=\"og:type\" content=\"article\" \/>\n<meta property=\"og:title\" content=\"Nos rapports - RECIPROC-IT\" \/>\n<meta property=\"og:description\" content=\"Reciproc-IT envoie mensuellement des newsletters sur l&#039;actualit\u00e9 cyber et sur son outil d&#039;analyse de risques.\" \/>\n<meta property=\"og:url\" content=\"https:\/\/reciproc-it.com\/en\/decouvrez-nos-newsletters\/\" \/>\n<meta property=\"og:site_name\" content=\"RECIPROC-IT\" \/>\n<meta property=\"article:modified_time\" content=\"2025-12-12T12:25:25+00:00\" \/>\n<meta property=\"og:image\" content=\"https:\/\/reciproc-it.com\/wp-content\/uploads\/2025\/12\/Document_Rapport-sur-cyberattaques_Version-finale-wdp_Page_01.jpg\" \/>\n\t<meta property=\"og:image:width\" content=\"1700\" \/>\n\t<meta property=\"og:image:height\" content=\"2200\" \/>\n\t<meta property=\"og:image:type\" content=\"image\/jpeg\" \/>\n<meta name=\"twitter:card\" content=\"summary_large_image\" \/>\n<meta name=\"twitter:label1\" content=\"Estimated reading time\" \/>\n\t<meta name=\"twitter:data1\" content=\"1 minute\" \/>\n<script type=\"application\/ld+json\" class=\"yoast-schema-graph\">{\"@context\":\"https:\/\/schema.org\",\"@graph\":[{\"@type\":\"WebPage\",\"@id\":\"https:\/\/reciproc-it.com\/decouvrez-nos-newsletters\/\",\"url\":\"https:\/\/reciproc-it.com\/decouvrez-nos-newsletters\/\",\"name\":\"Nos rapports - RECIPROC-IT\",\"isPartOf\":{\"@id\":\"https:\/\/reciproc-it.com\/#website\"},\"primaryImageOfPage\":{\"@id\":\"https:\/\/reciproc-it.com\/decouvrez-nos-newsletters\/#primaryimage\"},\"image\":{\"@id\":\"https:\/\/reciproc-it.com\/decouvrez-nos-newsletters\/#primaryimage\"},\"thumbnailUrl\":\"https:\/\/reciproc-it.com\/wp-content\/uploads\/2025\/12\/Document_Rapport-sur-cyberattaques_Version-finale-wdp_Page_01-232x300.jpg\",\"datePublished\":\"2023-03-16T17:12:16+00:00\",\"dateModified\":\"2025-12-12T12:25:25+00:00\",\"description\":\"Reciproc-IT envoie mensuellement des newsletters sur l'actualit\u00e9 cyber et sur son outil d'analyse de risques.\",\"breadcrumb\":{\"@id\":\"https:\/\/reciproc-it.com\/decouvrez-nos-newsletters\/#breadcrumb\"},\"inLanguage\":\"en-GB\",\"potentialAction\":[{\"@type\":\"ReadAction\",\"target\":[\"https:\/\/reciproc-it.com\/decouvrez-nos-newsletters\/\"]}]},{\"@type\":\"ImageObject\",\"inLanguage\":\"en-GB\",\"@id\":\"https:\/\/reciproc-it.com\/decouvrez-nos-newsletters\/#primaryimage\",\"url\":\"https:\/\/reciproc-it.com\/wp-content\/uploads\/2025\/12\/Document_Rapport-sur-cyberattaques_Version-finale-wdp_Page_01-232x300.jpg\",\"contentUrl\":\"https:\/\/reciproc-it.com\/wp-content\/uploads\/2025\/12\/Document_Rapport-sur-cyberattaques_Version-finale-wdp_Page_01-232x300.jpg\"},{\"@type\":\"BreadcrumbList\",\"@id\":\"https:\/\/reciproc-it.com\/decouvrez-nos-newsletters\/#breadcrumb\",\"itemListElement\":[{\"@type\":\"ListItem\",\"position\":1,\"name\":\"Accueil\",\"item\":\"https:\/\/reciproc-it.com\/\"},{\"@type\":\"ListItem\",\"position\":2,\"name\":\"Nos rapports\"}]},{\"@type\":\"WebSite\",\"@id\":\"https:\/\/reciproc-it.com\/#website\",\"url\":\"https:\/\/reciproc-it.com\/\",\"name\":\"RECIPROC-IT\",\"description\":\"\u00c9vang\u00e9liser nos clients en les outillant\",\"publisher\":{\"@id\":\"https:\/\/reciproc-it.com\/#organization\"},\"potentialAction\":[{\"@type\":\"SearchAction\",\"target\":{\"@type\":\"EntryPoint\",\"urlTemplate\":\"https:\/\/reciproc-it.com\/?s={search_term_string}\"},\"query-input\":{\"@type\":\"PropertyValueSpecification\",\"valueRequired\":true,\"valueName\":\"search_term_string\"}}],\"inLanguage\":\"en-GB\"},{\"@type\":\"Organization\",\"@id\":\"https:\/\/reciproc-it.com\/#organization\",\"name\":\"RECIPROC-IT\",\"url\":\"https:\/\/reciproc-it.com\/\",\"logo\":{\"@type\":\"ImageObject\",\"inLanguage\":\"en-GB\",\"@id\":\"https:\/\/reciproc-it.com\/#\/schema\/logo\/image\/\",\"url\":\"https:\/\/reciproc-it.com\/wp-content\/uploads\/2021\/04\/Reciproc_it.logo-removebg-preview.png\",\"contentUrl\":\"https:\/\/reciproc-it.com\/wp-content\/uploads\/2021\/04\/Reciproc_it.logo-removebg-preview.png\",\"width\":1065,\"height\":234,\"caption\":\"RECIPROC-IT\"},\"image\":{\"@id\":\"https:\/\/reciproc-it.com\/#\/schema\/logo\/image\/\"}}]}<\/script>\n<!-- \/ Yoast SEO plugin. -->","yoast_head_json":{"title":"Nos rapports - RECIPROC-IT","description":"Reciproc-IT envoie mensuellement des newsletters sur l'actualit\u00e9 cyber et sur son outil d'analyse de risques.","robots":{"index":"index","follow":"follow","max-snippet":"max-snippet:-1","max-image-preview":"max-image-preview:large","max-video-preview":"max-video-preview:-1"},"canonical":"https:\/\/reciproc-it.com\/en\/decouvrez-nos-newsletters\/","og_locale":"en_GB","og_type":"article","og_title":"Nos rapports - RECIPROC-IT","og_description":"Reciproc-IT envoie mensuellement des newsletters sur l'actualit\u00e9 cyber et sur son outil d'analyse de risques.","og_url":"https:\/\/reciproc-it.com\/en\/decouvrez-nos-newsletters\/","og_site_name":"RECIPROC-IT","article_modified_time":"2025-12-12T12:25:25+00:00","og_image":[{"width":1700,"height":2200,"url":"https:\/\/reciproc-it.com\/wp-content\/uploads\/2025\/12\/Document_Rapport-sur-cyberattaques_Version-finale-wdp_Page_01.jpg","type":"image\/jpeg"}],"twitter_card":"summary_large_image","twitter_misc":{"Estimated reading time":"1 minute"},"schema":{"@context":"https:\/\/schema.org","@graph":[{"@type":"WebPage","@id":"https:\/\/reciproc-it.com\/decouvrez-nos-newsletters\/","url":"https:\/\/reciproc-it.com\/decouvrez-nos-newsletters\/","name":"Nos rapports - RECIPROC-IT","isPartOf":{"@id":"https:\/\/reciproc-it.com\/#website"},"primaryImageOfPage":{"@id":"https:\/\/reciproc-it.com\/decouvrez-nos-newsletters\/#primaryimage"},"image":{"@id":"https:\/\/reciproc-it.com\/decouvrez-nos-newsletters\/#primaryimage"},"thumbnailUrl":"https:\/\/reciproc-it.com\/wp-content\/uploads\/2025\/12\/Document_Rapport-sur-cyberattaques_Version-finale-wdp_Page_01-232x300.jpg","datePublished":"2023-03-16T17:12:16+00:00","dateModified":"2025-12-12T12:25:25+00:00","description":"Reciproc-IT envoie mensuellement des newsletters sur l'actualit\u00e9 cyber et sur son outil d'analyse de risques.","breadcrumb":{"@id":"https:\/\/reciproc-it.com\/decouvrez-nos-newsletters\/#breadcrumb"},"inLanguage":"en-GB","potentialAction":[{"@type":"ReadAction","target":["https:\/\/reciproc-it.com\/decouvrez-nos-newsletters\/"]}]},{"@type":"ImageObject","inLanguage":"en-GB","@id":"https:\/\/reciproc-it.com\/decouvrez-nos-newsletters\/#primaryimage","url":"https:\/\/reciproc-it.com\/wp-content\/uploads\/2025\/12\/Document_Rapport-sur-cyberattaques_Version-finale-wdp_Page_01-232x300.jpg","contentUrl":"https:\/\/reciproc-it.com\/wp-content\/uploads\/2025\/12\/Document_Rapport-sur-cyberattaques_Version-finale-wdp_Page_01-232x300.jpg"},{"@type":"BreadcrumbList","@id":"https:\/\/reciproc-it.com\/decouvrez-nos-newsletters\/#breadcrumb","itemListElement":[{"@type":"ListItem","position":1,"name":"Accueil","item":"https:\/\/reciproc-it.com\/"},{"@type":"ListItem","position":2,"name":"Nos rapports"}]},{"@type":"WebSite","@id":"https:\/\/reciproc-it.com\/#website","url":"https:\/\/reciproc-it.com\/","name":"RECIPROC-IT","description":"\u00c9vang\u00e9liser nos clients en les outillant","publisher":{"@id":"https:\/\/reciproc-it.com\/#organization"},"potentialAction":[{"@type":"SearchAction","target":{"@type":"EntryPoint","urlTemplate":"https:\/\/reciproc-it.com\/?s={search_term_string}"},"query-input":{"@type":"PropertyValueSpecification","valueRequired":true,"valueName":"search_term_string"}}],"inLanguage":"en-GB"},{"@type":"Organization","@id":"https:\/\/reciproc-it.com\/#organization","name":"RECIPROC-IT","url":"https:\/\/reciproc-it.com\/","logo":{"@type":"ImageObject","inLanguage":"en-GB","@id":"https:\/\/reciproc-it.com\/#\/schema\/logo\/image\/","url":"https:\/\/reciproc-it.com\/wp-content\/uploads\/2021\/04\/Reciproc_it.logo-removebg-preview.png","contentUrl":"https:\/\/reciproc-it.com\/wp-content\/uploads\/2021\/04\/Reciproc_it.logo-removebg-preview.png","width":1065,"height":234,"caption":"RECIPROC-IT"},"image":{"@id":"https:\/\/reciproc-it.com\/#\/schema\/logo\/image\/"}}]}},"_links":{"self":[{"href":"https:\/\/reciproc-it.com\/en\/wp-json\/wp\/v2\/pages\/2652","targetHints":{"allow":["GET"]}}],"collection":[{"href":"https:\/\/reciproc-it.com\/en\/wp-json\/wp\/v2\/pages"}],"about":[{"href":"https:\/\/reciproc-it.com\/en\/wp-json\/wp\/v2\/types\/page"}],"author":[{"embeddable":true,"href":"https:\/\/reciproc-it.com\/en\/wp-json\/wp\/v2\/users\/3"}],"replies":[{"embeddable":true,"href":"https:\/\/reciproc-it.com\/en\/wp-json\/wp\/v2\/comments?post=2652"}],"version-history":[{"count":213,"href":"https:\/\/reciproc-it.com\/en\/wp-json\/wp\/v2\/pages\/2652\/revisions"}],"predecessor-version":[{"id":3409,"href":"https:\/\/reciproc-it.com\/en\/wp-json\/wp\/v2\/pages\/2652\/revisions\/3409"}],"wp:attachment":[{"href":"https:\/\/reciproc-it.com\/en\/wp-json\/wp\/v2\/media?parent=2652"}],"curies":[{"name":"wp","href":"https:\/\/api.w.org\/{rel}","templated":true}]}}