{"id":1845,"date":"2021-04-30T16:52:25","date_gmt":"2021-04-30T14:52:25","guid":{"rendered":"http:\/\/vps-43e955e1.vps.ovh.net\/wordpress\/?page_id=1845"},"modified":"2021-04-30T17:06:07","modified_gmt":"2021-04-30T15:06:07","slug":"mentions","status":"publish","type":"page","link":"https:\/\/reciproc-it.com\/en\/mentions\/","title":{"rendered":"Mentions"},"content":{"rendered":"<div data-elementor-type=\"wp-page\" data-elementor-id=\"1845\" class=\"elementor elementor-1845\">\n\t\t\t\t\t\t\t\t\t<section class=\"elementor-section elementor-top-section elementor-element elementor-element-60c2109 elementor-section-boxed elementor-section-height-default elementor-section-height-default\" data-id=\"60c2109\" data-element_type=\"section\">\n\t\t\t\t\t\t<div class=\"elementor-container elementor-column-gap-default\">\n\t\t\t\t\t<div class=\"elementor-column elementor-col-100 elementor-top-column elementor-element elementor-element-3f2e665\" data-id=\"3f2e665\" data-element_type=\"column\">\n\t\t\t<div class=\"elementor-widget-wrap\">\n\t\t\t\t\t\t\t\t\t<\/div>\n\t\t<\/div>\n\t\t\t\t\t\t\t<\/div>\n\t\t<\/section>\n\t\t\t\t<section class=\"elementor-section elementor-top-section elementor-element elementor-element-15db989 elementor-section-boxed elementor-section-height-default elementor-section-height-default\" data-id=\"15db989\" data-element_type=\"section\">\n\t\t\t\t\t\t<div class=\"elementor-container elementor-column-gap-default\">\n\t\t\t\t\t<div class=\"elementor-column elementor-col-100 elementor-top-column elementor-element elementor-element-95dbcf7\" data-id=\"95dbcf7\" data-element_type=\"column\">\n\t\t\t<div class=\"elementor-widget-wrap elementor-element-populated\">\n\t\t\t\t\t\t\t\t<div class=\"elementor-element elementor-element-cb61789 elementor-widget elementor-widget-spacer\" data-id=\"cb61789\" data-element_type=\"widget\" data-widget_type=\"spacer.default\">\n\t\t\t\t<div class=\"elementor-widget-container\">\n\t\t\t\t\t<div class=\"elementor-spacer\">\n\t\t\t<div class=\"elementor-spacer-inner\"><\/div>\n\t\t<\/div>\n\t\t\t\t<\/div>\n\t\t\t\t<\/div>\n\t\t\t\t<div class=\"elementor-element elementor-element-b87a9dc elementor-widget elementor-widget-text-editor\" data-id=\"b87a9dc\" data-element_type=\"widget\" data-widget_type=\"text-editor.default\">\n\t\t\t\t<div class=\"elementor-widget-container\">\n\t\t\t\t\t\t\t<h1 style=\"color: #268dcf;\">Legal Notice<\/h1><p>(regulated by Law No. 2004-575 of June 21, 2004 for confidence in the digital economy)<\/p><p>\u00a0<\/p><h3 style=\"color: #268dcf;\"><strong>OWNER OF THE WEBSITE\u00a0<\/strong><\/h3><p><strong>Reciproc-it<\/strong><br \/><strong>Address :\u00a0<\/strong> 1-3 Rue Bellini Puteaux 92800, France<br \/><strong>Phone\u00a0:<\/strong> +33 01 80 88 93 60<br \/><strong>Fax:<\/strong> +33 01 80 88 93 60<br \/><strong>Email :\u00a0<\/strong><a href=\"mailto:contact@reciproc-it.com\">contact@reciproc-it.com<\/a><\/p><h3 style=\"color: #268dcf;\"><strong>WEBSITE CREATOR &amp; HOSTING\u00a0<\/strong><\/h3><p><strong>Gandi SAS<\/strong><br \/><strong>Address: <\/strong>63-65 Boulevard Massena 75013 Paris<br \/><strong>Website:<\/strong> <a href=\"http:\/\/www.gandi.net\/\">http:\/\/www.gandi.net\/<\/a><\/p><h3 style=\"color: #268dcf;\"><strong>PUBLICATION MANAGER\u00a0<\/strong><\/h3><p><strong>Publication director:<\/strong> Baya Lonqueux<br \/>If you notice an error or a wrong link on this website, please contact us.<\/p><h3 style=\"color: #268dcf;\"><strong>COPYRIGHT\u00a0<\/strong><\/h3><p>This entire site is covered by French legislation on copyright and intellectual property. In application of the law of March 11, 1957 (art. 41) and of the intellectual property code of July 1, 1992, any representation, reproduction, modification, commercial use, partial or total as well as any transfer to another site are prohibited, unless authorized by Recripoc-It. The logos, visuals and pdf on this site are the property of the company Recripoc-It. Any full or partial reproduction of this site or any of its components is prohibited. Recripoc-It reserves the right to claim damages in the event of counterfeiting and more generally infringement of its intellectual property rights.<\/p><h3 style=\"color: #268dcf;\"><strong>PERSONAL DATA<\/strong><\/h3><p>As part of the use of the website, several processing operations of your personal data are carried out. The data controller is Recripoc-It.<\/p><p>The data collected in connection with the use of the website is necessary for the purposes:<\/p><ul><li>To allow you to contact us.<\/li><li>Development of statistics and measurements of service attendance.<\/li><\/ul><p>The data are collected and processed, on a contractual basis, by Recripoc-It, via its technical and commercial subcontractors, for these purposes only. The data is not subject to transfer outside the territory of the European Union. Personal data is kept only for the time necessary for the execution of the request, plus the legal time limits relating to proof thereof.<\/p><p>Under the applicable regulations, you have the rights of (i) access, (ii) rectification, (iii) erasure, (iv) limitation, (v) opposition and (vi) portability of this data to a third party service provider, if applicable. You can assert your rights by contacting the following address:\u00a0<a href=\"mailto:contact@reciproc-it.com\">contact@reciproc-it.com<\/a>\u00a0by proving your identity. In the event of a dispute, you have the right to appeal to a supervisory authority. Any request to erase data, available at any time at the above address, may prevent the execution of your request.<\/p><h3 style=\"color: #268dcf;\"><strong>LINK MANAGEMENT\u00a0<\/strong><\/h3><p>The site contains links to other websites or other Internet sources. Insofar as the company Reciproc-It cannot control these sites and these external sources, the company cannot be held responsible for the provision of these sites and external sources, and cannot bear any responsibility for the content, advertising , products, services or any other material available on or from these sites or external sources.<\/p><p>The Internet user acknowledges that the use of the Recripoc-It website is governed by French law. (regulated by Law No. 2004-575 of June 21, 2004 for confidence in the digital economy).<\/p>\t\t\t\t\t\t<\/div>\n\t\t\t\t<\/div>\n\t\t\t\t\t<\/div>\n\t\t<\/div>\n\t\t\t\t\t\t\t<\/div>\n\t\t<\/section>\n\t\t\t\t\t\t\t<\/div>","protected":false},"excerpt":{"rendered":"<p>Mentions L\u00e9gales (r\u00e9glement\u00e9es par la Loi n\u00b0 2004-575 du 21 juin 2004 pour la confiance dans l\u2019\u00e9conomie num\u00e9rique) \u00a0 PROPRI\u00c9TAIRE DU SITE INTERNET\u00a0 Reciproc-itAdresse :\u00a0 1-3 Rue Bellini Puteaux 92800, FrancePhone\u00a0: +33 01 80 88 93 60Fax: +33 01 80 88 93 60Email :\u00a0contact@reciproc-it.com CR\u00c9ATEUR &amp; H\u00c9BERGEMENT DU SITE INTERNET\u00a0 Gandi SASAdresse: 63-65 Boulevard Massena [&hellip;]<\/p>","protected":false},"author":1,"featured_media":0,"parent":0,"menu_order":0,"comment_status":"closed","ping_status":"closed","template":"elementor_header_footer","meta":{"content-type":"","om_disable_all_campaigns":false,"_monsterinsights_skip_tracking":false,"_monsterinsights_sitenote_active":false,"_monsterinsights_sitenote_note":"","_monsterinsights_sitenote_category":0,"footnotes":""},"class_list":["post-1845","page","type-page","status-publish","hentry"],"blocksy_meta":{"styles_descriptor":{"styles":{"desktop":"","tablet":"","mobile":""},"google_fonts":[]}},"yoast_head":"<!-- This site is optimized with the Yoast SEO plugin v24.0 - https:\/\/yoast.com\/wordpress\/plugins\/seo\/ -->\n<title>Mentions - RECIPROC-IT<\/title>\n<meta name=\"robots\" content=\"index, follow, max-snippet:-1, max-image-preview:large, max-video-preview:-1\" \/>\n<link rel=\"canonical\" href=\"https:\/\/reciproc-it.com\/en\/mentions\/\" \/>\n<meta property=\"og:locale\" content=\"en_GB\" \/>\n<meta property=\"og:type\" content=\"article\" \/>\n<meta property=\"og:title\" content=\"Mentions - RECIPROC-IT\" \/>\n<meta property=\"og:description\" content=\"Mentions L\u00e9gales (r\u00e9glement\u00e9es par la Loi n\u00b0 2004-575 du 21 juin 2004 pour la confiance dans l\u2019\u00e9conomie num\u00e9rique) \u00a0 PROPRI\u00c9TAIRE DU SITE INTERNET\u00a0 Reciproc-itAdresse :\u00a0 1-3 Rue Bellini Puteaux 92800, FrancePhone\u00a0: +33 01 80 88 93 60Fax: +33 01 80 88 93 60Email :\u00a0contact@reciproc-it.com CR\u00c9ATEUR &amp; H\u00c9BERGEMENT DU SITE INTERNET\u00a0 Gandi SASAdresse: 63-65 Boulevard Massena [&hellip;]\" \/>\n<meta property=\"og:url\" content=\"https:\/\/reciproc-it.com\/en\/mentions\/\" \/>\n<meta property=\"og:site_name\" content=\"RECIPROC-IT\" \/>\n<meta property=\"article:modified_time\" content=\"2021-04-30T15:06:07+00:00\" \/>\n<meta name=\"twitter:card\" content=\"summary_large_image\" \/>\n<meta name=\"twitter:label1\" content=\"Estimated reading time\" \/>\n\t<meta name=\"twitter:data1\" content=\"3 minutes\" \/>\n<script type=\"application\/ld+json\" class=\"yoast-schema-graph\">{\"@context\":\"https:\/\/schema.org\",\"@graph\":[{\"@type\":\"WebPage\",\"@id\":\"https:\/\/reciproc-it.com\/mentions\/\",\"url\":\"https:\/\/reciproc-it.com\/mentions\/\",\"name\":\"Mentions - RECIPROC-IT\",\"isPartOf\":{\"@id\":\"https:\/\/reciproc-it.com\/#website\"},\"datePublished\":\"2021-04-30T14:52:25+00:00\",\"dateModified\":\"2021-04-30T15:06:07+00:00\",\"breadcrumb\":{\"@id\":\"https:\/\/reciproc-it.com\/mentions\/#breadcrumb\"},\"inLanguage\":\"en-GB\",\"potentialAction\":[{\"@type\":\"ReadAction\",\"target\":[\"https:\/\/reciproc-it.com\/mentions\/\"]}]},{\"@type\":\"BreadcrumbList\",\"@id\":\"https:\/\/reciproc-it.com\/mentions\/#breadcrumb\",\"itemListElement\":[{\"@type\":\"ListItem\",\"position\":1,\"name\":\"Accueil\",\"item\":\"https:\/\/reciproc-it.com\/\"},{\"@type\":\"ListItem\",\"position\":2,\"name\":\"Mentions\"}]},{\"@type\":\"WebSite\",\"@id\":\"https:\/\/reciproc-it.com\/#website\",\"url\":\"https:\/\/reciproc-it.com\/\",\"name\":\"RECIPROC-IT\",\"description\":\"\u00c9vang\u00e9liser nos clients en les outillant\",\"publisher\":{\"@id\":\"https:\/\/reciproc-it.com\/#organization\"},\"potentialAction\":[{\"@type\":\"SearchAction\",\"target\":{\"@type\":\"EntryPoint\",\"urlTemplate\":\"https:\/\/reciproc-it.com\/?s={search_term_string}\"},\"query-input\":{\"@type\":\"PropertyValueSpecification\",\"valueRequired\":true,\"valueName\":\"search_term_string\"}}],\"inLanguage\":\"en-GB\"},{\"@type\":\"Organization\",\"@id\":\"https:\/\/reciproc-it.com\/#organization\",\"name\":\"RECIPROC-IT\",\"url\":\"https:\/\/reciproc-it.com\/\",\"logo\":{\"@type\":\"ImageObject\",\"inLanguage\":\"en-GB\",\"@id\":\"https:\/\/reciproc-it.com\/#\/schema\/logo\/image\/\",\"url\":\"https:\/\/reciproc-it.com\/wp-content\/uploads\/2021\/04\/Reciproc_it.logo-removebg-preview.png\",\"contentUrl\":\"https:\/\/reciproc-it.com\/wp-content\/uploads\/2021\/04\/Reciproc_it.logo-removebg-preview.png\",\"width\":1065,\"height\":234,\"caption\":\"RECIPROC-IT\"},\"image\":{\"@id\":\"https:\/\/reciproc-it.com\/#\/schema\/logo\/image\/\"}}]}<\/script>\n<!-- \/ Yoast SEO plugin. -->","yoast_head_json":{"title":"Mentions - RECIPROC-IT","robots":{"index":"index","follow":"follow","max-snippet":"max-snippet:-1","max-image-preview":"max-image-preview:large","max-video-preview":"max-video-preview:-1"},"canonical":"https:\/\/reciproc-it.com\/en\/mentions\/","og_locale":"en_GB","og_type":"article","og_title":"Mentions - RECIPROC-IT","og_description":"Mentions L\u00e9gales (r\u00e9glement\u00e9es par la Loi n\u00b0 2004-575 du 21 juin 2004 pour la confiance dans l\u2019\u00e9conomie num\u00e9rique) \u00a0 PROPRI\u00c9TAIRE DU SITE INTERNET\u00a0 Reciproc-itAdresse :\u00a0 1-3 Rue Bellini Puteaux 92800, FrancePhone\u00a0: +33 01 80 88 93 60Fax: +33 01 80 88 93 60Email :\u00a0contact@reciproc-it.com CR\u00c9ATEUR &amp; H\u00c9BERGEMENT DU SITE INTERNET\u00a0 Gandi SASAdresse: 63-65 Boulevard Massena [&hellip;]","og_url":"https:\/\/reciproc-it.com\/en\/mentions\/","og_site_name":"RECIPROC-IT","article_modified_time":"2021-04-30T15:06:07+00:00","twitter_card":"summary_large_image","twitter_misc":{"Estimated reading time":"3 minutes"},"schema":{"@context":"https:\/\/schema.org","@graph":[{"@type":"WebPage","@id":"https:\/\/reciproc-it.com\/mentions\/","url":"https:\/\/reciproc-it.com\/mentions\/","name":"Mentions - RECIPROC-IT","isPartOf":{"@id":"https:\/\/reciproc-it.com\/#website"},"datePublished":"2021-04-30T14:52:25+00:00","dateModified":"2021-04-30T15:06:07+00:00","breadcrumb":{"@id":"https:\/\/reciproc-it.com\/mentions\/#breadcrumb"},"inLanguage":"en-GB","potentialAction":[{"@type":"ReadAction","target":["https:\/\/reciproc-it.com\/mentions\/"]}]},{"@type":"BreadcrumbList","@id":"https:\/\/reciproc-it.com\/mentions\/#breadcrumb","itemListElement":[{"@type":"ListItem","position":1,"name":"Accueil","item":"https:\/\/reciproc-it.com\/"},{"@type":"ListItem","position":2,"name":"Mentions"}]},{"@type":"WebSite","@id":"https:\/\/reciproc-it.com\/#website","url":"https:\/\/reciproc-it.com\/","name":"RECIPROC-IT","description":"\u00c9vang\u00e9liser nos clients en les outillant","publisher":{"@id":"https:\/\/reciproc-it.com\/#organization"},"potentialAction":[{"@type":"SearchAction","target":{"@type":"EntryPoint","urlTemplate":"https:\/\/reciproc-it.com\/?s={search_term_string}"},"query-input":{"@type":"PropertyValueSpecification","valueRequired":true,"valueName":"search_term_string"}}],"inLanguage":"en-GB"},{"@type":"Organization","@id":"https:\/\/reciproc-it.com\/#organization","name":"RECIPROC-IT","url":"https:\/\/reciproc-it.com\/","logo":{"@type":"ImageObject","inLanguage":"en-GB","@id":"https:\/\/reciproc-it.com\/#\/schema\/logo\/image\/","url":"https:\/\/reciproc-it.com\/wp-content\/uploads\/2021\/04\/Reciproc_it.logo-removebg-preview.png","contentUrl":"https:\/\/reciproc-it.com\/wp-content\/uploads\/2021\/04\/Reciproc_it.logo-removebg-preview.png","width":1065,"height":234,"caption":"RECIPROC-IT"},"image":{"@id":"https:\/\/reciproc-it.com\/#\/schema\/logo\/image\/"}}]}},"_links":{"self":[{"href":"https:\/\/reciproc-it.com\/en\/wp-json\/wp\/v2\/pages\/1845","targetHints":{"allow":["GET"]}}],"collection":[{"href":"https:\/\/reciproc-it.com\/en\/wp-json\/wp\/v2\/pages"}],"about":[{"href":"https:\/\/reciproc-it.com\/en\/wp-json\/wp\/v2\/types\/page"}],"author":[{"embeddable":true,"href":"https:\/\/reciproc-it.com\/en\/wp-json\/wp\/v2\/users\/1"}],"replies":[{"embeddable":true,"href":"https:\/\/reciproc-it.com\/en\/wp-json\/wp\/v2\/comments?post=1845"}],"version-history":[{"count":25,"href":"https:\/\/reciproc-it.com\/en\/wp-json\/wp\/v2\/pages\/1845\/revisions"}],"predecessor-version":[{"id":1877,"href":"https:\/\/reciproc-it.com\/en\/wp-json\/wp\/v2\/pages\/1845\/revisions\/1877"}],"wp:attachment":[{"href":"https:\/\/reciproc-it.com\/en\/wp-json\/wp\/v2\/media?parent=1845"}],"curies":[{"name":"wp","href":"https:\/\/api.w.org\/{rel}","templated":true}]}}