{"id":1434,"date":"2021-04-26T15:53:03","date_gmt":"2021-04-26T13:53:03","guid":{"rendered":"http:\/\/vps-43e955e1.vps.ovh.net\/wordpress\/?page_id=1434"},"modified":"2023-07-24T15:41:31","modified_gmt":"2023-07-24T13:41:31","slug":"partenaires","status":"publish","type":"page","link":"https:\/\/reciproc-it.com\/en\/partenaires\/","title":{"rendered":"Partners"},"content":{"rendered":"<div data-elementor-type=\"wp-page\" data-elementor-id=\"1434\" class=\"elementor elementor-1434\">\n\t\t\t\t\t\t\t\t\t<section class=\"elementor-section elementor-top-section elementor-element elementor-element-f3f9add elementor-section-boxed elementor-section-height-default elementor-section-height-default\" data-id=\"f3f9add\" data-element_type=\"section\">\n\t\t\t\t\t\t<div class=\"elementor-container elementor-column-gap-default\">\n\t\t\t\t\t<div class=\"elementor-column elementor-col-100 elementor-top-column elementor-element elementor-element-378ee38\" data-id=\"378ee38\" data-element_type=\"column\">\n\t\t\t<div class=\"elementor-widget-wrap\">\n\t\t\t\t\t\t\t\t\t<\/div>\n\t\t<\/div>\n\t\t\t\t\t\t\t<\/div>\n\t\t<\/section>\n\t\t\t\t<section class=\"elementor-section elementor-top-section elementor-element elementor-element-07aabd8 elementor-section-boxed elementor-section-height-default elementor-section-height-default\" data-id=\"07aabd8\" data-element_type=\"section\">\n\t\t\t\t\t\t<div class=\"elementor-container elementor-column-gap-default\">\n\t\t\t\t\t<div class=\"elementor-column elementor-col-100 elementor-top-column elementor-element elementor-element-a54fbd2 elementor-invisible\" data-id=\"a54fbd2\" data-element_type=\"column\" data-settings=\"{&quot;animation&quot;:&quot;fadeInDown&quot;}\">\n\t\t\t<div class=\"elementor-widget-wrap elementor-element-populated\">\n\t\t\t\t\t\t\t\t<div class=\"elementor-element elementor-element-34a1312 elementor-widget elementor-widget-spacer\" data-id=\"34a1312\" data-element_type=\"widget\" data-widget_type=\"spacer.default\">\n\t\t\t\t<div class=\"elementor-widget-container\">\n\t\t\t\t\t<div class=\"elementor-spacer\">\n\t\t\t<div class=\"elementor-spacer-inner\"><\/div>\n\t\t<\/div>\n\t\t\t\t<\/div>\n\t\t\t\t<\/div>\n\t\t\t\t<div class=\"elementor-element elementor-element-c9f9f92 elementor-invisible elementor-widget elementor-widget-heading\" data-id=\"c9f9f92\" data-element_type=\"widget\" data-settings=\"{&quot;_animation&quot;:&quot;fadeInDown&quot;}\" data-widget_type=\"heading.default\">\n\t\t\t\t<div class=\"elementor-widget-container\">\n\t\t\t<h2 class=\"elementor-heading-title elementor-size-default\">Why become a RECIPROC-IT partner\n<\/h2>\t\t<\/div>\n\t\t\t\t<\/div>\n\t\t\t\t<div class=\"elementor-element elementor-element-b5d1ad8 elementor-drop-cap-yes elementor-drop-cap-view-default elementor-invisible elementor-widget elementor-widget-text-editor\" data-id=\"b5d1ad8\" data-element_type=\"widget\" data-settings=\"{&quot;drop_cap&quot;:&quot;yes&quot;,&quot;_animation&quot;:&quot;fadeInDown&quot;}\" data-widget_type=\"text-editor.default\">\n\t\t\t\t<div class=\"elementor-widget-container\">\n\t\t\t\t\t\t\tOur aim is to foster lasting relationships with organisations that share a commitment to the public good. It is our common responsibility to build and develop meaningful and profitable relationships, essential to achieving effective results in terms of safety and risk management.\t\t\t\t\t\t<\/div>\n\t\t\t\t<\/div>\n\t\t\t\t<section class=\"elementor-section elementor-inner-section elementor-element elementor-element-f92b9f2 elementor-section-boxed elementor-section-height-default elementor-section-height-default\" data-id=\"f92b9f2\" data-element_type=\"section\" id=\"more-why\">\n\t\t\t\t\t\t<div class=\"elementor-container elementor-column-gap-default\">\n\t\t\t\t\t<div class=\"elementor-column elementor-col-50 elementor-inner-column elementor-element elementor-element-8a9e0ae\" data-id=\"8a9e0ae\" data-element_type=\"column\">\n\t\t\t<div class=\"elementor-widget-wrap elementor-element-populated\">\n\t\t\t\t\t\t\t\t<div class=\"elementor-element elementor-element-910c277 elementor-widget elementor-widget-text-editor\" data-id=\"910c277\" data-element_type=\"widget\" data-widget_type=\"text-editor.default\">\n\t\t\t\t<div class=\"elementor-widget-container\">\n\t\t\t\t\t\t\t<ul>\n \t<li>Whether you are a service provider in the field of information systems security and\/or risk management: We give you the necessary tools to better understand the vulnerabilities of your clients.<\/li>\n<\/ul>\n\n\n<\/div><\/div><\/div><\/div><\/div><\/section><\/div><\/div><\/div><\/section><\/div> <a href=\"https:\/\/reciproc-it.com\/en\/partenaires\/#more-1434\" class=\"more-link elementor-more-link\"><span aria-label=\"Continue reading Partenaires\">(more&hellip;)<\/span><\/a>","protected":false},"excerpt":{"rendered":"<p>Pourquoi devenir un partenaire de RECIPROC-IT Notre objectif est de favoriser des relations durables avec des organisations anim\u00e9es par la m\u00eame volont\u00e9 de r\u00e9pondre \u00e0 un bien collectif. Il est de notre ressort commun\u00e9ment \u00e0 construire et d\u00e9velopper des relations significatives profitables, essentiel pour obtenir des r\u00e9sultats efficaces en mati\u00e8re de s\u00e9curit\u00e9 et de management [&hellip;]<\/p>","protected":false},"author":1,"featured_media":0,"parent":0,"menu_order":0,"comment_status":"closed","ping_status":"closed","template":"elementor_header_footer","meta":{"content-type":"","om_disable_all_campaigns":false,"_monsterinsights_skip_tracking":false,"_monsterinsights_sitenote_active":false,"_monsterinsights_sitenote_note":"","_monsterinsights_sitenote_category":0,"footnotes":""},"class_list":["post-1434","page","type-page","status-publish","hentry"],"blocksy_meta":{"styles_descriptor":{"styles":{"desktop":"","tablet":"","mobile":""},"google_fonts":[]}},"yoast_head":"<!-- This site is optimized with the Yoast SEO plugin v24.0 - https:\/\/yoast.com\/wordpress\/plugins\/seo\/ -->\n<title>Partenaires - RECIPROC-IT<\/title>\n<meta name=\"robots\" content=\"index, follow, max-snippet:-1, max-image-preview:large, max-video-preview:-1\" \/>\n<link rel=\"canonical\" href=\"https:\/\/reciproc-it.com\/en\/partenaires\/\" \/>\n<meta property=\"og:locale\" content=\"en_GB\" \/>\n<meta property=\"og:type\" content=\"article\" \/>\n<meta property=\"og:title\" content=\"Partenaires - RECIPROC-IT\" \/>\n<meta property=\"og:description\" content=\"Pourquoi devenir un partenaire de RECIPROC-IT Notre objectif est de favoriser des relations durables avec des organisations anim\u00e9es par la m\u00eame volont\u00e9 de r\u00e9pondre \u00e0 un bien collectif. Il est de notre ressort commun\u00e9ment \u00e0 construire et d\u00e9velopper des relations significatives profitables, essentiel pour obtenir des r\u00e9sultats efficaces en mati\u00e8re de s\u00e9curit\u00e9 et de management [&hellip;]\" \/>\n<meta property=\"og:url\" content=\"https:\/\/reciproc-it.com\/en\/partenaires\/\" \/>\n<meta property=\"og:site_name\" content=\"RECIPROC-IT\" \/>\n<meta property=\"article:modified_time\" content=\"2023-07-24T13:41:31+00:00\" \/>\n<meta name=\"twitter:card\" content=\"summary_large_image\" \/>\n<meta name=\"twitter:label1\" content=\"Estimated reading time\" \/>\n\t<meta name=\"twitter:data1\" content=\"2 minutes\" \/>\n<script type=\"application\/ld+json\" class=\"yoast-schema-graph\">{\"@context\":\"https:\/\/schema.org\",\"@graph\":[{\"@type\":\"WebPage\",\"@id\":\"https:\/\/reciproc-it.com\/partenaires\/\",\"url\":\"https:\/\/reciproc-it.com\/partenaires\/\",\"name\":\"Partenaires - RECIPROC-IT\",\"isPartOf\":{\"@id\":\"https:\/\/reciproc-it.com\/#website\"},\"datePublished\":\"2021-04-26T13:53:03+00:00\",\"dateModified\":\"2023-07-24T13:41:31+00:00\",\"breadcrumb\":{\"@id\":\"https:\/\/reciproc-it.com\/partenaires\/#breadcrumb\"},\"inLanguage\":\"en-GB\",\"potentialAction\":[{\"@type\":\"ReadAction\",\"target\":[\"https:\/\/reciproc-it.com\/partenaires\/\"]}]},{\"@type\":\"BreadcrumbList\",\"@id\":\"https:\/\/reciproc-it.com\/partenaires\/#breadcrumb\",\"itemListElement\":[{\"@type\":\"ListItem\",\"position\":1,\"name\":\"Accueil\",\"item\":\"https:\/\/reciproc-it.com\/\"},{\"@type\":\"ListItem\",\"position\":2,\"name\":\"Partenaires\"}]},{\"@type\":\"WebSite\",\"@id\":\"https:\/\/reciproc-it.com\/#website\",\"url\":\"https:\/\/reciproc-it.com\/\",\"name\":\"RECIPROC-IT\",\"description\":\"\u00c9vang\u00e9liser nos clients en les outillant\",\"publisher\":{\"@id\":\"https:\/\/reciproc-it.com\/#organization\"},\"potentialAction\":[{\"@type\":\"SearchAction\",\"target\":{\"@type\":\"EntryPoint\",\"urlTemplate\":\"https:\/\/reciproc-it.com\/?s={search_term_string}\"},\"query-input\":{\"@type\":\"PropertyValueSpecification\",\"valueRequired\":true,\"valueName\":\"search_term_string\"}}],\"inLanguage\":\"en-GB\"},{\"@type\":\"Organization\",\"@id\":\"https:\/\/reciproc-it.com\/#organization\",\"name\":\"RECIPROC-IT\",\"url\":\"https:\/\/reciproc-it.com\/\",\"logo\":{\"@type\":\"ImageObject\",\"inLanguage\":\"en-GB\",\"@id\":\"https:\/\/reciproc-it.com\/#\/schema\/logo\/image\/\",\"url\":\"https:\/\/reciproc-it.com\/wp-content\/uploads\/2021\/04\/Reciproc_it.logo-removebg-preview.png\",\"contentUrl\":\"https:\/\/reciproc-it.com\/wp-content\/uploads\/2021\/04\/Reciproc_it.logo-removebg-preview.png\",\"width\":1065,\"height\":234,\"caption\":\"RECIPROC-IT\"},\"image\":{\"@id\":\"https:\/\/reciproc-it.com\/#\/schema\/logo\/image\/\"}}]}<\/script>\n<!-- \/ Yoast SEO plugin. -->","yoast_head_json":{"title":"Partenaires - RECIPROC-IT","robots":{"index":"index","follow":"follow","max-snippet":"max-snippet:-1","max-image-preview":"max-image-preview:large","max-video-preview":"max-video-preview:-1"},"canonical":"https:\/\/reciproc-it.com\/en\/partenaires\/","og_locale":"en_GB","og_type":"article","og_title":"Partenaires - RECIPROC-IT","og_description":"Pourquoi devenir un partenaire de RECIPROC-IT Notre objectif est de favoriser des relations durables avec des organisations anim\u00e9es par la m\u00eame volont\u00e9 de r\u00e9pondre \u00e0 un bien collectif. Il est de notre ressort commun\u00e9ment \u00e0 construire et d\u00e9velopper des relations significatives profitables, essentiel pour obtenir des r\u00e9sultats efficaces en mati\u00e8re de s\u00e9curit\u00e9 et de management [&hellip;]","og_url":"https:\/\/reciproc-it.com\/en\/partenaires\/","og_site_name":"RECIPROC-IT","article_modified_time":"2023-07-24T13:41:31+00:00","twitter_card":"summary_large_image","twitter_misc":{"Estimated reading time":"2 minutes"},"schema":{"@context":"https:\/\/schema.org","@graph":[{"@type":"WebPage","@id":"https:\/\/reciproc-it.com\/partenaires\/","url":"https:\/\/reciproc-it.com\/partenaires\/","name":"Partenaires - RECIPROC-IT","isPartOf":{"@id":"https:\/\/reciproc-it.com\/#website"},"datePublished":"2021-04-26T13:53:03+00:00","dateModified":"2023-07-24T13:41:31+00:00","breadcrumb":{"@id":"https:\/\/reciproc-it.com\/partenaires\/#breadcrumb"},"inLanguage":"en-GB","potentialAction":[{"@type":"ReadAction","target":["https:\/\/reciproc-it.com\/partenaires\/"]}]},{"@type":"BreadcrumbList","@id":"https:\/\/reciproc-it.com\/partenaires\/#breadcrumb","itemListElement":[{"@type":"ListItem","position":1,"name":"Accueil","item":"https:\/\/reciproc-it.com\/"},{"@type":"ListItem","position":2,"name":"Partenaires"}]},{"@type":"WebSite","@id":"https:\/\/reciproc-it.com\/#website","url":"https:\/\/reciproc-it.com\/","name":"RECIPROC-IT","description":"\u00c9vang\u00e9liser nos clients en les outillant","publisher":{"@id":"https:\/\/reciproc-it.com\/#organization"},"potentialAction":[{"@type":"SearchAction","target":{"@type":"EntryPoint","urlTemplate":"https:\/\/reciproc-it.com\/?s={search_term_string}"},"query-input":{"@type":"PropertyValueSpecification","valueRequired":true,"valueName":"search_term_string"}}],"inLanguage":"en-GB"},{"@type":"Organization","@id":"https:\/\/reciproc-it.com\/#organization","name":"RECIPROC-IT","url":"https:\/\/reciproc-it.com\/","logo":{"@type":"ImageObject","inLanguage":"en-GB","@id":"https:\/\/reciproc-it.com\/#\/schema\/logo\/image\/","url":"https:\/\/reciproc-it.com\/wp-content\/uploads\/2021\/04\/Reciproc_it.logo-removebg-preview.png","contentUrl":"https:\/\/reciproc-it.com\/wp-content\/uploads\/2021\/04\/Reciproc_it.logo-removebg-preview.png","width":1065,"height":234,"caption":"RECIPROC-IT"},"image":{"@id":"https:\/\/reciproc-it.com\/#\/schema\/logo\/image\/"}}]}},"_links":{"self":[{"href":"https:\/\/reciproc-it.com\/en\/wp-json\/wp\/v2\/pages\/1434","targetHints":{"allow":["GET"]}}],"collection":[{"href":"https:\/\/reciproc-it.com\/en\/wp-json\/wp\/v2\/pages"}],"about":[{"href":"https:\/\/reciproc-it.com\/en\/wp-json\/wp\/v2\/types\/page"}],"author":[{"embeddable":true,"href":"https:\/\/reciproc-it.com\/en\/wp-json\/wp\/v2\/users\/1"}],"replies":[{"embeddable":true,"href":"https:\/\/reciproc-it.com\/en\/wp-json\/wp\/v2\/comments?post=1434"}],"version-history":[{"count":138,"href":"https:\/\/reciproc-it.com\/en\/wp-json\/wp\/v2\/pages\/1434\/revisions"}],"predecessor-version":[{"id":3202,"href":"https:\/\/reciproc-it.com\/en\/wp-json\/wp\/v2\/pages\/1434\/revisions\/3202"}],"wp:attachment":[{"href":"https:\/\/reciproc-it.com\/en\/wp-json\/wp\/v2\/media?parent=1434"}],"curies":[{"name":"wp","href":"https:\/\/api.w.org\/{rel}","templated":true}]}}